{"id":37366,"date":"2023-09-28T11:57:03","date_gmt":"2023-09-28T09:57:03","guid":{"rendered":"https:\/\/nahua-accessories.com\/?post_type=product&#038;p=37366"},"modified":"2026-01-09T11:49:00","modified_gmt":"2026-01-09T10:49:00","slug":"apycha-metallic-chockers","status":"publish","type":"product","link":"https:\/\/nahua-accessories.com\/en\/categorie-produit-all\/apycha-metallic-chockers\/","title":{"rendered":"APYCHA &#8211; Chockers Metallic"},"content":{"rendered":"<h2>Prendre soin de son bijoux NAHUA<\/h2>\n<h3 class=\"p1\"><span class=\"s1\">ENTRETIEN :<\/span><\/h3>\n<p class=\"p1\"><span class=\"s1\">Tous nos produits sont fabriqu\u00e9s \u00e0 la main, avec du cuir, du fil de soie, des sequins et autres perles semi pr\u00e9cieuse. Il est n\u00e9cessaire d\u2019\u00e9viter le contact avec l\u2019eau (sal\u00e9e ou chlor\u00e9e), les d\u00e9tergents ainsi qu\u2019avec des huiles et produits cosm\u00e9tiques, l\u2019alcool, les produits chimiques et acides.<\/span><\/p>\n<p class=\"p1\"><span class=\"s1\">Tous nos bracelets ont un r\u00e9glage de deux attaches. Pour les poignets fins, poussez la boucle apr\u00e8s la boule, pour les poignets normaux, mettre la boucle apr\u00e8s la barre \u00ab\u00a0T\u00a0\u00bb grav\u00e9e Nahua.<span class=\"Apple-converted-space\">\u00a0\u00a0<\/span>NE PAS DECOLLER LA BOULE . Tout article retourn\u00e9 avec la boule d\u00e9coll\u00e9e sera consid\u00e9r\u00e9 comme abim\u00e9 et ne sera pas rembours\u00e9.<\/span><\/p>\n","protected":false},"excerpt":{"rendered":"<h2 class=\"p1\">Hand-embroidered chocker with metallized thread, brass beads and strass. Soft leather lining, stainless steel and anti-allergenic brass chains.<\/h2>\n<h5><strong>What you need to know\u2026<\/strong><\/h5>\n<p class=\"p1\"><em><span class=\"s1\">\u2022 Hand embroidered<\/span><\/em><\/p>\n<p><em><span class=\"s1\">\u2022 Strass and brass beads<\/span><\/em><\/p>\n<p class=\"p1\"><em><span class=\"s1\">\u2022 Leather lining<\/span><\/em><\/p>\n<p class=\"p1\"><em><span class=\"s1\">\u2022 Stainless steel and anti-allergenic chains<\/span><\/em><\/p>\n","protected":false},"featured_media":51407,"template":"","meta":[],"product_brand":[],"product_cat":[4569,3190,104],"product_tag":[],"class_list":{"0":"post-37366","1":"product","2":"type-product","3":"status-publish","4":"has-post-thumbnail","6":"product_cat-bijoux-boheme-chic-apache-metallic","7":"product_cat-chokers","8":"product_cat-tous","9":"product_shipping_class-moyen-produit","11":"first","12":"instock","13":"taxable","14":"shipping-taxable","15":"purchasable","16":"product-type-variable","17":"has-default-attributes","18":"wvs-archive-product-wrapper"},"_links":{"self":[{"href":"https:\/\/nahua-accessories.com\/en\/wp-json\/wp\/v2\/product\/37366","targetHints":{"allow":["GET"]}}],"collection":[{"href":"https:\/\/nahua-accessories.com\/en\/wp-json\/wp\/v2\/product"}],"about":[{"href":"https:\/\/nahua-accessories.com\/en\/wp-json\/wp\/v2\/types\/product"}],"version-history":[{"count":0,"href":"https:\/\/nahua-accessories.com\/en\/wp-json\/wp\/v2\/product\/37366\/revisions"}],"wp:featuredmedia":[{"embeddable":true,"href":"https:\/\/nahua-accessories.com\/en\/wp-json\/wp\/v2\/media\/51407"}],"wp:attachment":[{"href":"https:\/\/nahua-accessories.com\/en\/wp-json\/wp\/v2\/media?parent=37366"}],"wp:term":[{"taxonomy":"product_brand","embeddable":true,"href":"https:\/\/nahua-accessories.com\/en\/wp-json\/wp\/v2\/product_brand?post=37366"},{"taxonomy":"product_cat","embeddable":true,"href":"https:\/\/nahua-accessories.com\/en\/wp-json\/wp\/v2\/product_cat?post=37366"},{"taxonomy":"product_tag","embeddable":true,"href":"https:\/\/nahua-accessories.com\/en\/wp-json\/wp\/v2\/product_tag?post=37366"}],"curies":[{"name":"wp","href":"https:\/\/api.w.org\/{rel}","templated":true}]}}