{"id":2671,"date":"2018-09-22T11:40:03","date_gmt":"2018-09-22T09:40:03","guid":{"rendered":"http:\/\/minuitune-studio.com\/cart\/"},"modified":"2025-08-19T11:41:50","modified_gmt":"2025-08-19T09:41:50","slug":"cart","status":"publish","type":"page","link":"https:\/\/nahua-accessories.com\/en\/cart\/","title":{"rendered":"Cart"},"content":{"rendered":"\t\t<div data-elementor-type=\"wp-page\" data-elementor-id=\"2671\" class=\"elementor elementor-2671 elementor-5\" data-elementor-post-type=\"page\">\n\t\t\t\t\t\t<section class=\"elementor-section elementor-top-section elementor-element elementor-element-30a6cb9 elementor-section-boxed elementor-section-height-default elementor-section-height-default\" data-id=\"30a6cb9\" data-element_type=\"section\" data-e-type=\"section\">\n\t\t\t\t\t\t<div class=\"elementor-container elementor-column-gap-default\">\n\t\t\t\t\t<div class=\"elementor-column elementor-col-100 elementor-top-column elementor-element elementor-element-a23b9c1\" data-id=\"a23b9c1\" data-element_type=\"column\" data-e-type=\"column\">\n\t\t\t<div class=\"elementor-widget-wrap elementor-element-populated\">\n\t\t\t\t\t\t\t<\/div>\n\t\t<\/div>\n\t\t\t\t\t<\/div>\n\t\t<\/section>\n\t\t\t\t<\/div>\n\t\t","protected":false},"excerpt":{"rendered":"<p>Supprimer l\u2019\u00e9l\u00e9ment Miniature Produit Prix Quantit\u00e9 Sous-total &times; Megg &#8211; Boucles d&#8217;oreilles &#8211; Pink 78,00&euro; quantit\u00e9 de Megg &#8211; Boucles d&#039;oreilles &#8211; Pink&nbsp; 78,00&euro; Apply Cart total Sous-total 78,00&euro; Exp\u00e9dition Mondial Relay: 3,82&euro;Point relais le plus proche\u00a0: TABAC LE BORDEAUX12 AVENUE JACQUES BORDENEUVE 47300, VILLENEUVE SUR LOTChoisir un autre point relais Colissimo point relais: 7,16&euro; [&hellip;]<\/p>\n","protected":false},"author":1,"featured_media":0,"parent":0,"menu_order":0,"comment_status":"closed","ping_status":"closed","template":"","meta":{"footnotes":""},"class_list":["post-2671","page","type-page","status-publish","hentry"],"_links":{"self":[{"href":"https:\/\/nahua-accessories.com\/en\/wp-json\/wp\/v2\/pages\/2671","targetHints":{"allow":["GET"]}}],"collection":[{"href":"https:\/\/nahua-accessories.com\/en\/wp-json\/wp\/v2\/pages"}],"about":[{"href":"https:\/\/nahua-accessories.com\/en\/wp-json\/wp\/v2\/types\/page"}],"author":[{"embeddable":true,"href":"https:\/\/nahua-accessories.com\/en\/wp-json\/wp\/v2\/users\/1"}],"replies":[{"embeddable":true,"href":"https:\/\/nahua-accessories.com\/en\/wp-json\/wp\/v2\/comments?post=2671"}],"version-history":[{"count":0,"href":"https:\/\/nahua-accessories.com\/en\/wp-json\/wp\/v2\/pages\/2671\/revisions"}],"wp:attachment":[{"href":"https:\/\/nahua-accessories.com\/en\/wp-json\/wp\/v2\/media?parent=2671"}],"curies":[{"name":"wp","href":"https:\/\/api.w.org\/{rel}","templated":true}]}}